{"id":12735,"date":"2021-01-26T21:17:36","date_gmt":"2021-01-26T21:17:36","guid":{"rendered":"https:\/\/www.ozlembicer.com\/de\/?page_id=12735"},"modified":"2023-05-03T10:54:25","modified_gmt":"2023-05-03T10:54:25","slug":"prp","status":"publish","type":"page","link":"https:\/\/www.ozlembicer.com\/de\/prp\/","title":{"rendered":"PRP"},"content":{"rendered":"<p>[vc_row][vc_column][vc_column_text]In den letzten Jahren wurden eine Reihe neuer Behandlungen und Therapien f\u00fcr Menschen mit Haarproblemen entwickelt. Eine Haartransplantation ist sicherlich eine gute Wahl f\u00fcr Menschen mit erheblichen kahlen Stellen, aber es gibt auch Menschen, die f\u00fcr eine so invasive Operation nicht bereit sind und zuerst andere L\u00f6sungen finden m\u00f6chten. (<a href=\"https:\/\/laguestlist.com\/modafinil-and-armodafinil\/\">united pharmacy modafinil<\/a>) <\/p>\n<p>Die PRP- oder pl\u00e4ttchenreiche Plasmatherapie ist eine solche Methode, die bei Menschen mit Haarausfall schnell an Popularit\u00e4t gewinnt.<\/p>\n<p>Was ist die PRP?<\/p>\n<p>Die PRP-Behandlung (pl\u00e4ttchenreiches Plasma) ist eine der besten Behandlungen gegen Haarausfall f\u00fcr Menschen, die an diesem Problem leiden.<\/p>\n<p>Diese Therapie hat in der Tat vielversprechende Ergebnisse bei denjenigen gezeigt, die begonnen haben, ihre Haare zu verlieren, oder deren Haarausfall sich noch nicht stabilisiert hat. Es wurde jedoch beobachtet, dass diese Behandlung bei denjenigen, die sich bereits einer Haartransplantation unterzogen hatten, die besten Ergebnisse erzielte.<\/p>\n<p>W\u00e4hrend der Operation, wenn die Transplantate \u2013 die an sich \u00e4u\u00dferst zerbrechlich sind \u2013 implantiert wurden, ben\u00f6tigen sie tats\u00e4chlich Hilfe, die ihnen das Einwurzeln erleichtern und das Wachstum neuer Haare erm\u00f6glichen kann. Hier setzt PRP an, da Wachstumsfaktoren in pl\u00e4ttchenreichem Plasma das Gedeihen von Transplantaten unterst\u00fctzen k\u00f6nnen.<\/p>\n<p>Blutpl\u00e4ttchen haben mehrere intrazellul\u00e4re Strukturen, von denen einige Glykogen, Lysosomen und Alpha-Granula enthalten. Jeder von ihnen ist f\u00fcr die Heilung des K\u00f6rpers verantwortlich und tr\u00e4gt zum Gesamtwachstum bei. Dies ist einer der Gr\u00fcnde, warum PRP nach einer Haartransplantation sehr gut funktioniert. Hier in der Klinik von Dr. \u00d6zlem Bi\u00e7er f\u00fcr Ihre Haartransplantation verwenden wir Ihr PRP, um Ihre follikul\u00e4ren Einheiten w\u00e4hrend der Transferphase gesund zu halten.<\/p>\n<p id=\"tw-target-text\" class=\"tw-data-text tw-text-large XcVN5d tw-ta\" dir=\"ltr\" data-placeholder=\"\u00c7eviri\"><strong>Ablauf und Kosten des PRP<\/strong><\/p>\n<p>Wenn Sie nach einer effektiven Methode zur Haarvergr\u00f6\u00dferung suchen, ist eine Transplantation m\u00f6glicherweise die beste L\u00f6sung, aber die PRP-Therapie kann sicherlich langfristig sinnvoll sein.<br \/>\nInjektionen k\u00f6nnen das Haarwachstum unterst\u00fctzen und f\u00fcr eine ordnungsgem\u00e4\u00dfe Kollagenproduktion sorgen.<\/p>\n<p>Das Verfahren ist ganz einfach: Das Blut wird Ihrem K\u00f6rper entnommen und in eine Zentrifuge gegeben, in der das pl\u00e4ttchenreiche Plasma von den restlichen Elementen getrennt wird. Dieses Plasma wird dann mit Wachstumsfaktoren behandelt und kann injiziert werden. Sie erhalten eine Dosis Lokalan\u00e4sthetikum und das Serum wird in die Kopfhaut injiziert. Sobald die Narkose abgeklungen ist, k\u00f6nnen Sie Ihren normalen Tagesablauf wieder aufnehmen, als w\u00e4re nichts passiert.<\/p>\n<p id=\"tw-target-text\" class=\"tw-data-text tw-text-large XcVN5d tw-ta\" dir=\"ltr\" data-placeholder=\"\u00c7eviri\"><strong>Vorteile der PRP-Therapie<\/strong><\/p>\n<p>Es gibt unz\u00e4hlige Gr\u00fcnde, warum sich immer mehr Menschen f\u00fcr eine PRP-Therapie entscheiden und warum auch \u00c4rzte dasselbe vorschlagen. Diese sind:<\/p>\n<ul>\n<li>Das Serum, das in die Kopfhaut gespritzt wird, wird aus Ihrem eigenen Blut hergestellt, weshalb Sie wirklich nichts zu bef\u00fcrchten haben. Da Ihr eigenes Blut verwendet wird, ist die Wahrscheinlichkeit, dass der K\u00f6rper es abst\u00f6\u00dft, minimal und deshalb sind auch die Erfolgschancen h\u00f6her.<\/li>\n<li>\n<p id=\"tw-target-text\" class=\"tw-data-text tw-text-large XcVN5d tw-ta\" dir=\"ltr\" data-placeholder=\"\u00c7eviri\">Da Ihr Blut verwendet wird, besteht keine M\u00f6glichkeit einer Infektion oder Allergie, was die Erfolgschancen exponentiell erh\u00f6ht.<\/p>\n<\/li>\n<li>\n<p id=\"tw-target-text\" class=\"tw-data-text tw-text-large XcVN5d tw-ta\" dir=\"ltr\" data-placeholder=\"\u00c7eviri\">Das Verfahren erfordert nicht mehr als ein paar Injektionen, die alle unter \u00f6rtlicher Bet\u00e4ubung verabreicht werden. Das bedeutet, dass Sie au\u00dfer dem Stechen einer An\u00e4sthesie-Injektionsnadel keine Schmerzen versp\u00fcren.<\/p>\n<\/li>\n<li>\n<p id=\"tw-target-text\" class=\"tw-data-text tw-text-large XcVN5d tw-ta\" dir=\"ltr\" data-placeholder=\"\u00c7eviri\">Auch wenn die Therapie m\u00f6glicherweise nicht die Ergebnisse liefert, die Sie erwartet h\u00e4tten, werden Sie dank dieser Therapie sicherlich keinen weiteren Haarausfall erleben.<\/p>\n<\/li>\n<\/ul>\n<p id=\"tw-target-text\" class=\"tw-data-text tw-text-large XcVN5d tw-ta\" dir=\"ltr\" data-placeholder=\"\u00c7eviri\"><span lang=\"en\">\u00a0<\/span><\/p>\n<p>[\/vc_column_text][\/vc_column][\/vc_row]<\/p>\n","protected":false},"excerpt":{"rendered":"<p>[vc_row][vc_column][vc_column_text]In den letzten Jahren wurden eine Reihe neuer Behandlungen und Therapien f\u00fcr Menschen mit Haarproblemen entwickelt. Eine Haartransplantation ist sicherlich eine gute Wahl f\u00fcr Menschen mit erheblichen kahlen Stellen, aber es gibt auch Menschen, die f\u00fcr eine so invasive Operation nicht bereit sind und zuerst andere L\u00f6sungen finden m\u00f6chten. (united pharmacy modafinil) Die PRP- oder [&hellip;]<\/p>\n","protected":false},"author":1,"featured_media":13085,"parent":0,"menu_order":0,"comment_status":"closed","ping_status":"closed","template":"","meta":{"_acf_changed":false,"footnotes":""},"class_list":["post-12735","page","type-page","status-publish","has-post-thumbnail","hentry"],"acf":[],"yoast_head":"<!-- This site is optimized with the Yoast SEO plugin v24.5 - https:\/\/yoast.com\/wordpress\/plugins\/seo\/ -->\n<title>PRP | M.D. Ozlem BICER<\/title>\n<meta name=\"robots\" content=\"index, follow, max-snippet:-1, max-image-preview:large, max-video-preview:-1\" \/>\n<link rel=\"canonical\" href=\"https:\/\/www.ozlembicer.com\/de\/prp\/\" \/>\n<meta property=\"og:locale\" content=\"tr_TR\" \/>\n<meta property=\"og:type\" content=\"article\" \/>\n<meta property=\"og:title\" content=\"PRP | M.D. Ozlem BICER\" \/>\n<meta property=\"og:description\" content=\"[vc_row][vc_column][vc_column_text]In den letzten Jahren wurden eine Reihe neuer Behandlungen und Therapien f\u00fcr Menschen mit Haarproblemen entwickelt. Eine Haartransplantation ist sicherlich eine gute Wahl f\u00fcr Menschen mit erheblichen kahlen Stellen, aber es gibt auch Menschen, die f\u00fcr eine so invasive Operation nicht bereit sind und zuerst andere L\u00f6sungen finden m\u00f6chten. (united pharmacy modafinil) Die PRP- oder [&hellip;]\" \/>\n<meta property=\"og:url\" content=\"https:\/\/www.ozlembicer.com\/de\/prp\/\" \/>\n<meta property=\"og:site_name\" content=\"M.D. Ozlem BICER\" \/>\n<meta property=\"article:modified_time\" content=\"2023-05-03T10:54:25+00:00\" \/>\n<meta property=\"og:image\" content=\"https:\/\/www.ozlembicer.com\/de\/wp-content\/uploads\/2022\/04\/ozlem-bicer-200x200-1.png\" \/>\n\t<meta property=\"og:image:width\" content=\"200\" \/>\n\t<meta property=\"og:image:height\" content=\"200\" \/>\n\t<meta property=\"og:image:type\" content=\"image\/png\" \/>\n<meta name=\"twitter:card\" content=\"summary_large_image\" \/>\n<meta name=\"twitter:label1\" content=\"Tahmini okuma s\u00fcresi\" \/>\n\t<meta name=\"twitter:data1\" content=\"3 dakika\" \/>\n<script type=\"application\/ld+json\" class=\"yoast-schema-graph\">{\"@context\":\"https:\/\/schema.org\",\"@graph\":[{\"@type\":\"WebPage\",\"@id\":\"https:\/\/www.ozlembicer.com\/de\/prp\/\",\"url\":\"https:\/\/www.ozlembicer.com\/de\/prp\/\",\"name\":\"PRP | M.D. Ozlem BICER\",\"isPartOf\":{\"@id\":\"http:\/\/www.ozlembicer.com\/de\/#website\"},\"primaryImageOfPage\":{\"@id\":\"https:\/\/www.ozlembicer.com\/de\/prp\/#primaryimage\"},\"image\":{\"@id\":\"https:\/\/www.ozlembicer.com\/de\/prp\/#primaryimage\"},\"thumbnailUrl\":\"https:\/\/www.ozlembicer.com\/de\/wp-content\/uploads\/2022\/04\/ozlem-bicer-200x200-1.png\",\"datePublished\":\"2021-01-26T21:17:36+00:00\",\"dateModified\":\"2023-05-03T10:54:25+00:00\",\"breadcrumb\":{\"@id\":\"https:\/\/www.ozlembicer.com\/de\/prp\/#breadcrumb\"},\"inLanguage\":\"tr\",\"potentialAction\":[{\"@type\":\"ReadAction\",\"target\":[\"https:\/\/www.ozlembicer.com\/de\/prp\/\"]}]},{\"@type\":\"ImageObject\",\"inLanguage\":\"tr\",\"@id\":\"https:\/\/www.ozlembicer.com\/de\/prp\/#primaryimage\",\"url\":\"https:\/\/www.ozlembicer.com\/de\/wp-content\/uploads\/2022\/04\/ozlem-bicer-200x200-1.png\",\"contentUrl\":\"https:\/\/www.ozlembicer.com\/de\/wp-content\/uploads\/2022\/04\/ozlem-bicer-200x200-1.png\",\"width\":200,\"height\":200},{\"@type\":\"BreadcrumbList\",\"@id\":\"https:\/\/www.ozlembicer.com\/de\/prp\/#breadcrumb\",\"itemListElement\":[{\"@type\":\"ListItem\",\"position\":1,\"name\":\"Anasayfa\",\"item\":\"http:\/\/www.ozlembicer.com\/de\/\"},{\"@type\":\"ListItem\",\"position\":2,\"name\":\"PRP\"}]},{\"@type\":\"WebSite\",\"@id\":\"http:\/\/www.ozlembicer.com\/de\/#website\",\"url\":\"http:\/\/www.ozlembicer.com\/de\/\",\"name\":\"M.D. Ozlem BICER\",\"description\":\"Aesthetics is where art and medicine meets.\",\"publisher\":{\"@id\":\"http:\/\/www.ozlembicer.com\/de\/#organization\"},\"potentialAction\":[{\"@type\":\"SearchAction\",\"target\":{\"@type\":\"EntryPoint\",\"urlTemplate\":\"http:\/\/www.ozlembicer.com\/de\/?s={search_term_string}\"},\"query-input\":{\"@type\":\"PropertyValueSpecification\",\"valueRequired\":true,\"valueName\":\"search_term_string\"}}],\"inLanguage\":\"tr\"},{\"@type\":\"Organization\",\"@id\":\"http:\/\/www.ozlembicer.com\/de\/#organization\",\"name\":\"Dr. \u00d6zlem Bi\u00e7er\",\"url\":\"http:\/\/www.ozlembicer.com\/de\/\",\"logo\":{\"@type\":\"ImageObject\",\"inLanguage\":\"tr\",\"@id\":\"http:\/\/www.ozlembicer.com\/de\/#\/schema\/logo\/image\/\",\"url\":\"http:\/\/www.ozlembicer.com\/de\/wp-content\/uploads\/2022\/02\/ozlembicer-logo.jpeg\",\"contentUrl\":\"http:\/\/www.ozlembicer.com\/de\/wp-content\/uploads\/2022\/02\/ozlembicer-logo.jpeg\",\"width\":1600,\"height\":1600,\"caption\":\"Dr. \u00d6zlem Bi\u00e7er\"},\"image\":{\"@id\":\"http:\/\/www.ozlembicer.com\/de\/#\/schema\/logo\/image\/\"}}]}<\/script>\n<!-- \/ Yoast SEO plugin. -->","yoast_head_json":{"title":"PRP | M.D. Ozlem BICER","robots":{"index":"index","follow":"follow","max-snippet":"max-snippet:-1","max-image-preview":"max-image-preview:large","max-video-preview":"max-video-preview:-1"},"canonical":"https:\/\/www.ozlembicer.com\/de\/prp\/","og_locale":"tr_TR","og_type":"article","og_title":"PRP | M.D. Ozlem BICER","og_description":"[vc_row][vc_column][vc_column_text]In den letzten Jahren wurden eine Reihe neuer Behandlungen und Therapien f\u00fcr Menschen mit Haarproblemen entwickelt. Eine Haartransplantation ist sicherlich eine gute Wahl f\u00fcr Menschen mit erheblichen kahlen Stellen, aber es gibt auch Menschen, die f\u00fcr eine so invasive Operation nicht bereit sind und zuerst andere L\u00f6sungen finden m\u00f6chten. (united pharmacy modafinil) Die PRP- oder [&hellip;]","og_url":"https:\/\/www.ozlembicer.com\/de\/prp\/","og_site_name":"M.D. Ozlem BICER","article_modified_time":"2023-05-03T10:54:25+00:00","og_image":[{"width":200,"height":200,"url":"https:\/\/www.ozlembicer.com\/de\/wp-content\/uploads\/2022\/04\/ozlem-bicer-200x200-1.png","type":"image\/png"}],"twitter_card":"summary_large_image","twitter_misc":{"Tahmini okuma s\u00fcresi":"3 dakika"},"schema":{"@context":"https:\/\/schema.org","@graph":[{"@type":"WebPage","@id":"https:\/\/www.ozlembicer.com\/de\/prp\/","url":"https:\/\/www.ozlembicer.com\/de\/prp\/","name":"PRP | M.D. Ozlem BICER","isPartOf":{"@id":"http:\/\/www.ozlembicer.com\/de\/#website"},"primaryImageOfPage":{"@id":"https:\/\/www.ozlembicer.com\/de\/prp\/#primaryimage"},"image":{"@id":"https:\/\/www.ozlembicer.com\/de\/prp\/#primaryimage"},"thumbnailUrl":"https:\/\/www.ozlembicer.com\/de\/wp-content\/uploads\/2022\/04\/ozlem-bicer-200x200-1.png","datePublished":"2021-01-26T21:17:36+00:00","dateModified":"2023-05-03T10:54:25+00:00","breadcrumb":{"@id":"https:\/\/www.ozlembicer.com\/de\/prp\/#breadcrumb"},"inLanguage":"tr","potentialAction":[{"@type":"ReadAction","target":["https:\/\/www.ozlembicer.com\/de\/prp\/"]}]},{"@type":"ImageObject","inLanguage":"tr","@id":"https:\/\/www.ozlembicer.com\/de\/prp\/#primaryimage","url":"https:\/\/www.ozlembicer.com\/de\/wp-content\/uploads\/2022\/04\/ozlem-bicer-200x200-1.png","contentUrl":"https:\/\/www.ozlembicer.com\/de\/wp-content\/uploads\/2022\/04\/ozlem-bicer-200x200-1.png","width":200,"height":200},{"@type":"BreadcrumbList","@id":"https:\/\/www.ozlembicer.com\/de\/prp\/#breadcrumb","itemListElement":[{"@type":"ListItem","position":1,"name":"Anasayfa","item":"http:\/\/www.ozlembicer.com\/de\/"},{"@type":"ListItem","position":2,"name":"PRP"}]},{"@type":"WebSite","@id":"http:\/\/www.ozlembicer.com\/de\/#website","url":"http:\/\/www.ozlembicer.com\/de\/","name":"M.D. Ozlem BICER","description":"Aesthetics is where art and medicine meets.","publisher":{"@id":"http:\/\/www.ozlembicer.com\/de\/#organization"},"potentialAction":[{"@type":"SearchAction","target":{"@type":"EntryPoint","urlTemplate":"http:\/\/www.ozlembicer.com\/de\/?s={search_term_string}"},"query-input":{"@type":"PropertyValueSpecification","valueRequired":true,"valueName":"search_term_string"}}],"inLanguage":"tr"},{"@type":"Organization","@id":"http:\/\/www.ozlembicer.com\/de\/#organization","name":"Dr. \u00d6zlem Bi\u00e7er","url":"http:\/\/www.ozlembicer.com\/de\/","logo":{"@type":"ImageObject","inLanguage":"tr","@id":"http:\/\/www.ozlembicer.com\/de\/#\/schema\/logo\/image\/","url":"http:\/\/www.ozlembicer.com\/de\/wp-content\/uploads\/2022\/02\/ozlembicer-logo.jpeg","contentUrl":"http:\/\/www.ozlembicer.com\/de\/wp-content\/uploads\/2022\/02\/ozlembicer-logo.jpeg","width":1600,"height":1600,"caption":"Dr. \u00d6zlem Bi\u00e7er"},"image":{"@id":"http:\/\/www.ozlembicer.com\/de\/#\/schema\/logo\/image\/"}}]}},"_links":{"self":[{"href":"https:\/\/www.ozlembicer.com\/de\/wp-json\/wp\/v2\/pages\/12735"}],"collection":[{"href":"https:\/\/www.ozlembicer.com\/de\/wp-json\/wp\/v2\/pages"}],"about":[{"href":"https:\/\/www.ozlembicer.com\/de\/wp-json\/wp\/v2\/types\/page"}],"author":[{"embeddable":true,"href":"https:\/\/www.ozlembicer.com\/de\/wp-json\/wp\/v2\/users\/1"}],"replies":[{"embeddable":true,"href":"https:\/\/www.ozlembicer.com\/de\/wp-json\/wp\/v2\/comments?post=12735"}],"version-history":[{"count":3,"href":"https:\/\/www.ozlembicer.com\/de\/wp-json\/wp\/v2\/pages\/12735\/revisions"}],"predecessor-version":[{"id":13183,"href":"https:\/\/www.ozlembicer.com\/de\/wp-json\/wp\/v2\/pages\/12735\/revisions\/13183"}],"wp:featuredmedia":[{"embeddable":true,"href":"https:\/\/www.ozlembicer.com\/de\/wp-json\/wp\/v2\/media\/13085"}],"wp:attachment":[{"href":"https:\/\/www.ozlembicer.com\/de\/wp-json\/wp\/v2\/media?parent=12735"}],"curies":[{"name":"wp","href":"https:\/\/api.w.org\/{rel}","templated":true}]}}